{"id":2,"date":"2025-04-15T13:45:49","date_gmt":"2025-04-15T11:45:49","guid":{"rendered":"http:\/\/am-innovation.ch\/?page_id=2"},"modified":"2025-04-30T14:54:59","modified_gmt":"2025-04-30T12:54:59","slug":"main","status":"publish","type":"page","link":"https:\/\/am-innovation.ch\/","title":{"rendered":"AM-Innovation"},"content":{"rendered":"\n<p>Ich bin Andreas Mader \u2013 selbst\u00e4ndiger Berater mit \u00fcber 30 Jahren Erfahrung in der Produktentwicklung und im internationalen Projektmanagement. Ob Innovationsstrategie, Serienentwicklung oder operative Umsetzung: Ich unterst\u00fctze Sie dabei, technische Herausforderungen in messbare Erfolge zu verwandeln.<\/p>\n\n\n\n<div class=\"wp-block-columns is-layout-flex wp-container-core-columns-is-layout-9d6595d7 wp-block-columns-is-layout-flex\">\n<div class=\"wp-block-column is-vertically-aligned-center is-layout-flow wp-block-column-is-layout-flow\">\n<figure class=\"wp-block-image size-full\"><img loading=\"lazy\" decoding=\"async\" width=\"800\" height=\"800\" src=\"https:\/\/am-innovation.ch\/wp-content\/uploads\/2025\/04\/Andreas-Mader.jpeg\" alt=\"\" class=\"wp-image-74\" srcset=\"https:\/\/am-innovation.ch\/wp-content\/uploads\/2025\/04\/Andreas-Mader.jpeg 800w, https:\/\/am-innovation.ch\/wp-content\/uploads\/2025\/04\/Andreas-Mader-300x300.jpeg 300w, https:\/\/am-innovation.ch\/wp-content\/uploads\/2025\/04\/Andreas-Mader-150x150.jpeg 150w, https:\/\/am-innovation.ch\/wp-content\/uploads\/2025\/04\/Andreas-Mader-768x768.jpeg 768w\" sizes=\"auto, (max-width: 706px) 89vw, (max-width: 767px) 82vw, 740px\" \/><\/figure>\n<\/div>\n\n\n\n<div class=\"wp-block-column is-layout-flow wp-block-column-is-layout-flow\">\n<p>Mit meiner technischen Ausbildung, fundierten F\u00fchrungserfahrung und einem unternehmerischen Mindset bringe ich alle Zutaten mit, um komplexe Entwicklungsprojekte erfolgreich zu realisieren.<\/p>\n\n\n\n<p>Ich habe Entwicklungsteams aufgebaut, Prozesse optimiert, internationale Projekte geleitet und als Gesch\u00e4ftsf\u00fchrer Organisationen nachhaltig gepr\u00e4gt. Mein Anspruch: Qualit\u00e4t, Effizienz und Innovation verbinden \u2013 ganzheitlich, pragmatisch, auf Augenh\u00f6he.<\/p>\n<\/div>\n<\/div>\n\n\n\n<h3 class=\"wp-block-heading\"><strong><em>Technische Beratung<\/em><\/strong><\/h3>\n\n\n\n<p>\u29bf Technische Begleitung von der Idee bis zur Serienreife<\/p>\n\n\n\n<p>\u29bf Optimierung bestehender Produkte und Systeme<\/p>\n\n\n\n<p>\u29bf Strukturierung von Entwicklungsabteilungen<\/p>\n\n\n\n<h3 class=\"wp-block-heading\"><strong><em>Interim-Management<\/em><\/strong><\/h3>\n\n\n\n<p>\u29bf \u00dcbernahme technischer F\u00fchrungsrollen auf Zeit<\/p>\n\n\n\n<p>\u29bf Turnaround-Management in kritischen Phasen<\/p>\n\n\n\n<p>\u29bf Planung und Steuerung technischer Projekte<\/p>\n\n\n\n<p><\/p>\n\n\n\n<p><\/p>\n","protected":false},"excerpt":{"rendered":"<p>Ich bin Andreas Mader \u2013 selbst\u00e4ndiger Berater mit \u00fcber 30 Jahren Erfahrung in der Produktentwicklung und im internationalen Projektmanagement. Ob Innovationsstrategie, Serienentwicklung oder operative Umsetzung: Ich unterst\u00fctze Sie dabei, technische Herausforderungen in messbare Erfolge zu verwandeln. Mit meiner technischen Ausbildung, fundierten F\u00fchrungserfahrung und einem unternehmerischen Mindset bringe ich alle Zutaten mit, um komplexe Entwicklungsprojekte erfolgreich &hellip; <\/p>\n<p class=\"link-more\"><a href=\"https:\/\/am-innovation.ch\/\" class=\"more-link\"><span class=\"screen-reader-text\">&#171;AM-Innovation&#187;<\/span> weiterlesen<\/a><\/p>\n","protected":false},"author":1,"featured_media":0,"parent":0,"menu_order":0,"comment_status":"closed","ping_status":"closed","template":"showcase.php","meta":{"footnotes":""},"class_list":["post-2","page","type-page","status-publish","hentry"],"_links":{"self":[{"href":"https:\/\/am-innovation.ch\/index.php?rest_route=\/wp\/v2\/pages\/2","targetHints":{"allow":["GET"]}}],"collection":[{"href":"https:\/\/am-innovation.ch\/index.php?rest_route=\/wp\/v2\/pages"}],"about":[{"href":"https:\/\/am-innovation.ch\/index.php?rest_route=\/wp\/v2\/types\/page"}],"author":[{"embeddable":true,"href":"https:\/\/am-innovation.ch\/index.php?rest_route=\/wp\/v2\/users\/1"}],"replies":[{"embeddable":true,"href":"https:\/\/am-innovation.ch\/index.php?rest_route=%2Fwp%2Fv2%2Fcomments&post=2"}],"version-history":[{"count":24,"href":"https:\/\/am-innovation.ch\/index.php?rest_route=\/wp\/v2\/pages\/2\/revisions"}],"predecessor-version":[{"id":138,"href":"https:\/\/am-innovation.ch\/index.php?rest_route=\/wp\/v2\/pages\/2\/revisions\/138"}],"wp:attachment":[{"href":"https:\/\/am-innovation.ch\/index.php?rest_route=%2Fwp%2Fv2%2Fmedia&parent=2"}],"curies":[{"name":"wp","href":"https:\/\/api.w.org\/{rel}","templated":true}]}}